{"id":57,"date":"2024-10-23T02:37:08","date_gmt":"2024-10-23T00:37:08","guid":{"rendered":"https:\/\/lightseagreen-magpie-799451.hostingersite.com\/?page_id=57"},"modified":"2025-01-14T14:34:58","modified_gmt":"2025-01-14T13:34:58","slug":"technische-keramik","status":"publish","type":"page","link":"https:\/\/bdvrefractory.com\/de\/technische-keramik\/","title":{"rendered":"Technische Keramik"},"content":{"rendered":"<div data-elementor-type=\"wp-page\" data-elementor-id=\"57\" class=\"elementor elementor-57\" data-elementor-post-type=\"page\">\n\t\t\t\t<div class=\"elementor-element elementor-element-581bab1f e-flex e-con-boxed e-con e-parent\" data-id=\"581bab1f\" data-element_type=\"container\" data-e-type=\"container\" data-settings=\"{&quot;background_background&quot;:&quot;classic&quot;,&quot;background_motion_fx_motion_fx_scrolling&quot;:&quot;yes&quot;,&quot;background_motion_fx_scale_effect&quot;:&quot;yes&quot;,&quot;background_motion_fx_scale_direction&quot;:&quot;out-in&quot;,&quot;background_motion_fx_scale_speed&quot;:{&quot;unit&quot;:&quot;px&quot;,&quot;size&quot;:4,&quot;sizes&quot;:[]},&quot;background_motion_fx_scale_range&quot;:{&quot;unit&quot;:&quot;%&quot;,&quot;size&quot;:&quot;&quot;,&quot;sizes&quot;:{&quot;start&quot;:20,&quot;end&quot;:80}},&quot;background_motion_fx_devices&quot;:[&quot;desktop&quot;,&quot;laptop&quot;,&quot;tablet&quot;,&quot;mobile&quot;]}\">\n\t\t\t\t\t<div class=\"e-con-inner\">\n\t\t\t\t<div class=\"elementor-element elementor-element-1e6f9ce1 elementor-widget elementor-widget-text-editor\" data-id=\"1e6f9ce1\" data-element_type=\"widget\" data-e-type=\"widget\" data-widget_type=\"text-editor.default\">\n\t\t\t\t<div class=\"elementor-widget-container\">\n\t\t\t\t\t\t\t\t\t<p>TECHNISCHE KERAMIK UND KAMINEWAREN<\/p>\t\t\t\t\t\t\t\t<\/div>\n\t\t\t\t<\/div>\n\t\t\t\t\t<\/div>\n\t\t\t\t<\/div>\n\t\t<div class=\"elementor-element elementor-element-961e549 e-flex e-con-boxed e-con e-parent\" data-id=\"961e549\" data-element_type=\"container\" data-e-type=\"container\" id=\"sek7\">\n\t\t\t\t\t<div class=\"e-con-inner\">\n\t\t<div class=\"elementor-element elementor-element-6f8fa08e e-con-full animated-slow e-flex elementor-invisible e-con e-child\" data-id=\"6f8fa08e\" data-element_type=\"container\" data-e-type=\"container\" data-settings=\"{&quot;animation&quot;:&quot;fadeInLeft&quot;,&quot;animation_delay&quot;:100}\">\n\t\t\t\t<div class=\"elementor-element elementor-element-245c506f elementor-widget elementor-widget-heading\" data-id=\"245c506f\" data-element_type=\"widget\" data-e-type=\"widget\" data-widget_type=\"heading.default\">\n\t\t\t\t<div class=\"elementor-widget-container\">\n\t\t\t\t\t<h2 class=\"elementor-heading-title elementor-size-default\"><strong>TECHNISCHE KERAMIK UND KAMINEWAREN<\/strong><\/h2>\t\t\t\t<\/div>\n\t\t\t\t<\/div>\n\t\t\t\t<div class=\"elementor-element elementor-element-68c37d99 elementor-widget elementor-widget-text-editor\" data-id=\"68c37d99\" data-element_type=\"widget\" data-e-type=\"widget\" data-widget_type=\"text-editor.default\">\n\t\t\t\t<div class=\"elementor-widget-container\">\n\t\t\t\t\t\t\t\t\t<p>Produkte in dieser Kategorie:<\/p><ul><li class=\"translation-block\"><strong> F\u00fcllk\u00f6rper <\/strong>  (Raschigringe, Sattelf\u00fcllk\u00f6rper, Keramikkugeln, Schleifprismen usw.)<\/li><li><strong>Segmentierte Heizelementhalter<\/strong><\/li><li><strong>Durchf\u00fchrungen<\/strong><\/li><li><strong>Rohre<\/strong><\/li><li><strong>Widerst\u00e4nde usw.<\/strong>&#8230;<\/li><\/ul><p>\u00a0<\/p><p>Hergestellt aus Porzellan, Schamotte, Cordierit und Steatit. Sie zeichnen sich durch au\u00dfergew\u00f6hnliche mechanische Eigenschaften aus und finden daher Anwendung in den unterschiedlichsten Industriezweigen.<\/p>\t\t\t\t\t\t\t\t<\/div>\n\t\t\t\t<\/div>\n\t\t\t\t<\/div>\n\t\t<div class=\"elementor-element elementor-element-4ac59531 e-con-full animated-slow e-flex elementor-invisible e-con e-child\" data-id=\"4ac59531\" data-element_type=\"container\" data-e-type=\"container\" data-settings=\"{&quot;animation&quot;:&quot;fadeInRight&quot;,&quot;animation_delay&quot;:20}\">\n\t\t\t\t<div class=\"elementor-element elementor-element-99dca58 elementor-widget elementor-widget-image\" data-id=\"99dca58\" data-element_type=\"widget\" data-e-type=\"widget\" data-widget_type=\"image.default\">\n\t\t\t\t<div class=\"elementor-widget-container\">\n\t\t\t\t\t\t\t\t\t\t\t\t\t\t\t<img fetchpriority=\"high\" decoding=\"async\" width=\"800\" height=\"323\" src=\"https:\/\/bdvrefractory.com\/wp-content\/uploads\/2025\/01\/BDV-REFRACTORY_TEHNICKA-KERAMIKA_b-1024x414.jpg\" class=\"attachment-large size-large wp-image-1063\" alt=\"\" srcset=\"https:\/\/bdvrefractory.com\/wp-content\/uploads\/2025\/01\/BDV-REFRACTORY_TEHNICKA-KERAMIKA_b-1024x414.jpg 1024w, https:\/\/bdvrefractory.com\/wp-content\/uploads\/2025\/01\/BDV-REFRACTORY_TEHNICKA-KERAMIKA_b-300x121.jpg 300w, https:\/\/bdvrefractory.com\/wp-content\/uploads\/2025\/01\/BDV-REFRACTORY_TEHNICKA-KERAMIKA_b-768x310.jpg 768w, https:\/\/bdvrefractory.com\/wp-content\/uploads\/2025\/01\/BDV-REFRACTORY_TEHNICKA-KERAMIKA_b-18x7.jpg 18w, https:\/\/bdvrefractory.com\/wp-content\/uploads\/2025\/01\/BDV-REFRACTORY_TEHNICKA-KERAMIKA_b.jpg 1128w\" sizes=\"(max-width: 800px) 100vw, 800px\" \/>\t\t\t\t\t\t\t\t\t\t\t\t\t\t\t<\/div>\n\t\t\t\t<\/div>\n\t\t\t\t<\/div>\n\t\t\t\t\t<\/div>\n\t\t\t\t<\/div>\n\t\t<div class=\"elementor-element elementor-element-8cc0085 e-flex e-con-boxed e-con e-parent\" data-id=\"8cc0085\" data-element_type=\"container\" data-e-type=\"container\" data-settings=\"{&quot;background_background&quot;:&quot;classic&quot;}\">\n\t\t\t\t\t<div class=\"e-con-inner\">\n\t\t<div class=\"elementor-element elementor-element-487237f e-con-full animated-slow e-flex elementor-invisible e-con e-child\" data-id=\"487237f\" data-element_type=\"container\" data-e-type=\"container\" data-settings=\"{&quot;animation&quot;:&quot;fadeInLeft&quot;,&quot;animation_delay&quot;:400}\">\n\t\t\t\t<div class=\"elementor-element elementor-element-a908209 elementor-widget elementor-widget-image\" data-id=\"a908209\" data-element_type=\"widget\" data-e-type=\"widget\" data-widget_type=\"image.default\">\n\t\t\t\t<div class=\"elementor-widget-container\">\n\t\t\t\t\t\t\t\t\t\t\t\t\t\t\t<img decoding=\"async\" width=\"800\" height=\"451\" src=\"https:\/\/bdvrefractory.com\/wp-content\/uploads\/2024\/12\/1733432629237-1024x577.jpg\" class=\"attachment-large size-large wp-image-734\" alt=\"\" srcset=\"https:\/\/bdvrefractory.com\/wp-content\/uploads\/2024\/12\/1733432629237-1024x577.jpg 1024w, https:\/\/bdvrefractory.com\/wp-content\/uploads\/2024\/12\/1733432629237-300x169.jpg 300w, https:\/\/bdvrefractory.com\/wp-content\/uploads\/2024\/12\/1733432629237-768x433.jpg 768w, https:\/\/bdvrefractory.com\/wp-content\/uploads\/2024\/12\/1733432629237-1536x866.jpg 1536w, https:\/\/bdvrefractory.com\/wp-content\/uploads\/2024\/12\/1733432629237-18x10.jpg 18w, https:\/\/bdvrefractory.com\/wp-content\/uploads\/2024\/12\/1733432629237.jpg 1856w\" sizes=\"(max-width: 800px) 100vw, 800px\" \/>\t\t\t\t\t\t\t\t\t\t\t\t\t\t\t<\/div>\n\t\t\t\t<\/div>\n\t\t\t\t<\/div>\n\t\t<div class=\"elementor-element elementor-element-6f2a799 e-con-full animated-slow e-flex elementor-invisible e-con e-child\" data-id=\"6f2a799\" data-element_type=\"container\" data-e-type=\"container\" data-settings=\"{&quot;animation&quot;:&quot;fadeInRight&quot;,&quot;animation_delay&quot;:600}\">\n\t\t\t\t<div class=\"elementor-element elementor-element-2b3a39d elementor-widget elementor-widget-heading\" data-id=\"2b3a39d\" data-element_type=\"widget\" data-e-type=\"widget\" data-widget_type=\"heading.default\">\n\t\t\t\t<div class=\"elementor-widget-container\">\n\t\t\t\t\t<h2 class=\"elementor-heading-title elementor-size-default\"><strong>SCHAMOTTE-HEIZELEMENTHALTER<\/strong><\/h2>\t\t\t\t<\/div>\n\t\t\t\t<\/div>\n\t\t\t\t<div class=\"elementor-element elementor-element-89201fd elementor-widget elementor-widget-text-editor\" data-id=\"89201fd\" data-element_type=\"widget\" data-e-type=\"widget\" data-widget_type=\"text-editor.default\">\n\t\t\t\t<div class=\"elementor-widget-container\">\n\t\t\t\t\t\t\t\t\t<p>Die Heizelementhalter f\u00fcr Hochtemperatur- und Elektroofen werden aus Schamotte und Cordierit hergestellt. Sie sind best\u00e4ndig gegen Temperaturschocks, weisen eine geringe W\u00e4rmeleitf\u00e4higkeit und einen niedrigen W\u00e4rmeausdehnungskoeffizienten auf. Sie zeichnen sich durch einen geringen Fe\u2082O\u2083-Gehalt aus.<\/p><p>Die Herstellung erfolgt in verschiedenen Formen, abh\u00e4ngig von den Anforderungen des Kunden.<\/p>\t\t\t\t\t\t\t\t<\/div>\n\t\t\t\t<\/div>\n\t\t\t\t<\/div>\n\t\t\t\t\t<\/div>\n\t\t\t\t<\/div>\n\t\t<div class=\"elementor-element elementor-element-82d7406 e-flex e-con-boxed e-con e-parent\" data-id=\"82d7406\" data-element_type=\"container\" data-e-type=\"container\">\n\t\t\t\t\t<div class=\"e-con-inner\">\n\t\t<div class=\"elementor-element elementor-element-d0259ef e-con-full animated-slow e-flex elementor-invisible e-con e-child\" data-id=\"d0259ef\" data-element_type=\"container\" data-e-type=\"container\" data-settings=\"{&quot;animation&quot;:&quot;fadeInLeft&quot;,&quot;animation_delay&quot;:800}\">\n\t\t\t\t<div class=\"elementor-element elementor-element-30a2dac elementor-widget elementor-widget-heading\" data-id=\"30a2dac\" data-element_type=\"widget\" data-e-type=\"widget\" data-widget_type=\"heading.default\">\n\t\t\t\t<div class=\"elementor-widget-container\">\n\t\t\t\t\t<h2 class=\"elementor-heading-title elementor-size-default\"><strong>KERAMIKROHRE<\/strong><\/h2>\t\t\t\t<\/div>\n\t\t\t\t<\/div>\n\t\t\t\t<div class=\"elementor-element elementor-element-97c4b2e elementor-widget elementor-widget-text-editor\" data-id=\"97c4b2e\" data-element_type=\"widget\" data-e-type=\"widget\" data-widget_type=\"text-editor.default\">\n\t\t\t\t<div class=\"elementor-widget-container\">\n\t\t\t\t\t\t\t\t\t<p>Wir stellen Rohre in allen L\u00e4ngen und Durchmessern her, darunter: Heiztr\u00e4gerrohre, Rohre f\u00fcr Mars-\u00d6fen, Anschl\u00fcsse und andere.<\/p>\t\t\t\t\t\t\t\t<\/div>\n\t\t\t\t<\/div>\n\t\t\t\t<\/div>\n\t\t<div class=\"elementor-element elementor-element-0a03e95 e-con-full animated-slow e-flex elementor-invisible e-con e-child\" data-id=\"0a03e95\" data-element_type=\"container\" data-e-type=\"container\" data-settings=\"{&quot;animation&quot;:&quot;fadeInRight&quot;,&quot;animation_delay&quot;:1000}\">\n\t\t\t\t<div class=\"elementor-element elementor-element-34eca95 elementor-widget elementor-widget-image\" data-id=\"34eca95\" data-element_type=\"widget\" data-e-type=\"widget\" data-widget_type=\"image.default\">\n\t\t\t\t<div class=\"elementor-widget-container\">\n\t\t\t\t\t\t\t\t\t\t\t\t\t\t\t<img decoding=\"async\" width=\"800\" height=\"451\" src=\"https:\/\/bdvrefractory.com\/wp-content\/uploads\/2025\/01\/BDV-REFRACTORY_CEVI-1024x577.jpg\" class=\"attachment-large size-large wp-image-1096\" alt=\"\" srcset=\"https:\/\/bdvrefractory.com\/wp-content\/uploads\/2025\/01\/BDV-REFRACTORY_CEVI-1024x577.jpg 1024w, https:\/\/bdvrefractory.com\/wp-content\/uploads\/2025\/01\/BDV-REFRACTORY_CEVI-300x169.jpg 300w, https:\/\/bdvrefractory.com\/wp-content\/uploads\/2025\/01\/BDV-REFRACTORY_CEVI-768x433.jpg 768w, https:\/\/bdvrefractory.com\/wp-content\/uploads\/2025\/01\/BDV-REFRACTORY_CEVI-18x10.jpg 18w, https:\/\/bdvrefractory.com\/wp-content\/uploads\/2025\/01\/BDV-REFRACTORY_CEVI.jpg 1256w\" sizes=\"(max-width: 800px) 100vw, 800px\" \/>\t\t\t\t\t\t\t\t\t\t\t\t\t\t\t<\/div>\n\t\t\t\t<\/div>\n\t\t\t\t<\/div>\n\t\t\t\t\t<\/div>\n\t\t\t\t<\/div>\n\t\t\t\t<\/div>","protected":false},"excerpt":{"rendered":"<p>TEHNI\u010cKA KERAMIKA I \u0160AMOTNA GALANTERIJA TEHNI\u010cKA KERAMIKA I \u0160AMOTNA GALANTERIJA Proizvodi koji spadaju u ovu grupu su: kerami\u010dka punila (ra\u0161ing prstenovi, sedlasta punila, ker. kuglice, brusne prizme&#8230;) segmentni nosa\u010di greja\u010da izvodi cevi otpornici&#8230; \u00a0 Izra\u0111uju se od porcelana, \u0161amota, kordijerita i steatita. Poseduju izuzetna mehani\u010dka svojstva, zbog \u010dega nalaze primenu u najrazli\u010ditijim granama industrije. \u0160AMOTNI [&hellip;]<\/p>","protected":false},"author":1,"featured_media":0,"parent":0,"menu_order":0,"comment_status":"closed","ping_status":"open","template":"","meta":{"footnotes":""},"class_list":["post-57","page","type-page","status-publish","hentry"],"_links":{"self":[{"href":"https:\/\/bdvrefractory.com\/de\/wp-json\/wp\/v2\/pages\/57","targetHints":{"allow":["GET"]}}],"collection":[{"href":"https:\/\/bdvrefractory.com\/de\/wp-json\/wp\/v2\/pages"}],"about":[{"href":"https:\/\/bdvrefractory.com\/de\/wp-json\/wp\/v2\/types\/page"}],"author":[{"embeddable":true,"href":"https:\/\/bdvrefractory.com\/de\/wp-json\/wp\/v2\/users\/1"}],"replies":[{"embeddable":true,"href":"https:\/\/bdvrefractory.com\/de\/wp-json\/wp\/v2\/comments?post=57"}],"version-history":[{"count":31,"href":"https:\/\/bdvrefractory.com\/de\/wp-json\/wp\/v2\/pages\/57\/revisions"}],"predecessor-version":[{"id":1102,"href":"https:\/\/bdvrefractory.com\/de\/wp-json\/wp\/v2\/pages\/57\/revisions\/1102"}],"wp:attachment":[{"href":"https:\/\/bdvrefractory.com\/de\/wp-json\/wp\/v2\/media?parent=57"}],"curies":[{"name":"wp","href":"https:\/\/api.w.org\/{rel}","templated":true}]}}