{"id":59,"date":"2024-10-23T02:37:42","date_gmt":"2024-10-23T00:37:42","guid":{"rendered":"https:\/\/lightseagreen-magpie-799451.hostingersite.com\/?page_id=59"},"modified":"2025-01-15T11:18:13","modified_gmt":"2025-01-15T10:18:13","slug":"neoblikovani-zrnasti-vatrostalni-proizvodi","status":"publish","type":"page","link":"https:\/\/bdvrefractory.com\/eng\/neoblikovani-zrnasti-vatrostalni-proizvodi\/","title":{"rendered":"Unshaped (granular) products"},"content":{"rendered":"<div data-elementor-type=\"wp-page\" data-elementor-id=\"59\" class=\"elementor elementor-59\" data-elementor-post-type=\"page\">\n\t\t\t\t<div class=\"elementor-element elementor-element-5f798132 e-flex e-con-boxed e-con e-parent\" data-id=\"5f798132\" data-element_type=\"container\" data-e-type=\"container\" data-settings=\"{&quot;background_background&quot;:&quot;classic&quot;}\">\n\t\t\t\t\t<div class=\"e-con-inner\">\n\t\t\t\t<div class=\"elementor-element elementor-element-40cae685 elementor-widget elementor-widget-text-editor\" data-id=\"40cae685\" data-element_type=\"widget\" data-e-type=\"widget\" data-widget_type=\"text-editor.default\">\n\t\t\t\t<div class=\"elementor-widget-container\">\n\t\t\t\t\t\t\t\t\t<p>ALUMOSILICATE REFRACTORY MASSES AND CONCRETES\u00a0<\/p>\t\t\t\t\t\t\t\t<\/div>\n\t\t\t\t<\/div>\n\t\t\t\t\t<\/div>\n\t\t\t\t<\/div>\n\t\t<div class=\"elementor-element elementor-element-6c0e096d e-flex e-con-boxed e-con e-parent\" data-id=\"6c0e096d\" data-element_type=\"container\" data-e-type=\"container\" id=\"sek7\">\n\t\t\t\t\t<div class=\"e-con-inner\">\n\t\t<div class=\"elementor-element elementor-element-251971d3 e-con-full e-flex e-con e-child\" data-id=\"251971d3\" data-element_type=\"container\" data-e-type=\"container\">\n\t\t\t\t<div class=\"elementor-element elementor-element-aa24f4e elementor-widget elementor-widget-heading\" data-id=\"aa24f4e\" data-element_type=\"widget\" data-e-type=\"widget\" data-widget_type=\"heading.default\">\n\t\t\t\t<div class=\"elementor-widget-container\">\n\t\t\t\t\t<h2 class=\"elementor-heading-title elementor-size-default\"><strong>REFRACTORY CONCRETE \u02ddREFCON\u02dd\n<\/strong><\/h2>\t\t\t\t<\/div>\n\t\t\t\t<\/div>\n\t\t\t\t<div class=\"elementor-element elementor-element-3437c6fd elementor-widget elementor-widget-text-editor\" data-id=\"3437c6fd\" data-element_type=\"widget\" data-e-type=\"widget\" data-widget_type=\"text-editor.default\">\n\t\t\t\t<div class=\"elementor-widget-container\">\n\t\t\t\t\t\t\t\t\t<h5><strong>Use:<\/strong><\/h5><p>Refractory concretes harden even at ordinary temperatures, so they are suitable for quick repairs of masonry. They are used for the production of linings for tunnel wagons, for the thermal insulation of furnaces, for the production of flues, for linings that are exposed to strong earthquakes and shocks, etc.<\/p>\t\t\t\t\t\t\t\t<\/div>\n\t\t\t\t<\/div>\n\t\t\t\t<\/div>\n\t\t<div class=\"elementor-element elementor-element-7a293f43 e-con-full e-flex e-con e-child\" data-id=\"7a293f43\" data-element_type=\"container\" data-e-type=\"container\">\n\t\t\t\t<div class=\"elementor-element elementor-element-d3c8e1a elementor-widget elementor-widget-image\" data-id=\"d3c8e1a\" data-element_type=\"widget\" data-e-type=\"widget\" data-widget_type=\"image.default\">\n\t\t\t\t<div class=\"elementor-widget-container\">\n\t\t\t\t\t\t\t\t\t\t\t\t\t\t\t<img fetchpriority=\"high\" decoding=\"async\" width=\"800\" height=\"568\" src=\"https:\/\/bdvrefractory.com\/wp-content\/uploads\/2024\/12\/TAB-43-1024x727.png\" class=\"attachment-large size-large wp-image-614\" alt=\"\" srcset=\"https:\/\/bdvrefractory.com\/wp-content\/uploads\/2024\/12\/TAB-43-1024x727.png 1024w, https:\/\/bdvrefractory.com\/wp-content\/uploads\/2024\/12\/TAB-43-300x213.png 300w, https:\/\/bdvrefractory.com\/wp-content\/uploads\/2024\/12\/TAB-43-768x545.png 768w, https:\/\/bdvrefractory.com\/wp-content\/uploads\/2024\/12\/TAB-43-1536x1090.png 1536w, https:\/\/bdvrefractory.com\/wp-content\/uploads\/2024\/12\/TAB-43-2048x1454.png 2048w\" sizes=\"(max-width: 800px) 100vw, 800px\" \/>\t\t\t\t\t\t\t\t\t\t\t\t\t\t\t<\/div>\n\t\t\t\t<\/div>\n\t\t\t\t<\/div>\n\t\t\t\t\t<\/div>\n\t\t\t\t<\/div>\n\t\t<div class=\"elementor-element elementor-element-aafa0e8 e-flex e-con-boxed e-con e-parent\" data-id=\"aafa0e8\" data-element_type=\"container\" data-e-type=\"container\" data-settings=\"{&quot;background_background&quot;:&quot;classic&quot;}\">\n\t\t\t\t\t<div class=\"e-con-inner\">\n\t\t<div class=\"elementor-element elementor-element-6c3bdd7 e-con-full e-flex e-con e-child\" data-id=\"6c3bdd7\" data-element_type=\"container\" data-e-type=\"container\">\n\t\t\t\t<div class=\"elementor-element elementor-element-a0e3a2c elementor-widget elementor-widget-image\" data-id=\"a0e3a2c\" data-element_type=\"widget\" data-e-type=\"widget\" data-widget_type=\"image.default\">\n\t\t\t\t<div class=\"elementor-widget-container\">\n\t\t\t\t\t\t\t\t\t\t\t\t\t\t\t<img decoding=\"async\" width=\"800\" height=\"344\" src=\"https:\/\/bdvrefractory.com\/wp-content\/uploads\/2025\/01\/refizol_tab1-1024x440.png\" class=\"attachment-large size-large wp-image-1112\" alt=\"\" srcset=\"https:\/\/bdvrefractory.com\/wp-content\/uploads\/2025\/01\/refizol_tab1-1024x440.png 1024w, https:\/\/bdvrefractory.com\/wp-content\/uploads\/2025\/01\/refizol_tab1-300x129.png 300w, https:\/\/bdvrefractory.com\/wp-content\/uploads\/2025\/01\/refizol_tab1-768x330.png 768w, https:\/\/bdvrefractory.com\/wp-content\/uploads\/2025\/01\/refizol_tab1-1536x661.png 1536w, https:\/\/bdvrefractory.com\/wp-content\/uploads\/2025\/01\/refizol_tab1-2048x881.png 2048w, https:\/\/bdvrefractory.com\/wp-content\/uploads\/2025\/01\/refizol_tab1-18x8.png 18w\" sizes=\"(max-width: 800px) 100vw, 800px\" \/>\t\t\t\t\t\t\t\t\t\t\t\t\t\t\t<\/div>\n\t\t\t\t<\/div>\n\t\t\t\t<\/div>\n\t\t<div class=\"elementor-element elementor-element-0c39138 e-con-full e-flex e-con e-child\" data-id=\"0c39138\" data-element_type=\"container\" data-e-type=\"container\">\n\t\t\t\t<div class=\"elementor-element elementor-element-6265d59 elementor-widget elementor-widget-heading\" data-id=\"6265d59\" data-element_type=\"widget\" data-e-type=\"widget\" data-widget_type=\"heading.default\">\n\t\t\t\t<div class=\"elementor-widget-container\">\n\t\t\t\t\t<h2 class=\"elementor-heading-title elementor-size-default\"><strong>THERMAL INSULATION FIRE RESISTANT CONCRETE \u02ddREFIZOL\u02dd<\/strong><\/h2>\t\t\t\t<\/div>\n\t\t\t\t<\/div>\n\t\t\t\t<div class=\"elementor-element elementor-element-89cd79c elementor-widget elementor-widget-text-editor\" data-id=\"89cd79c\" data-element_type=\"widget\" data-e-type=\"widget\" data-widget_type=\"text-editor.default\">\n\t\t\t\t<div class=\"elementor-widget-container\">\n\t\t\t\t\t\t\t\t\t<p><strong>USE:<\/strong><\/p><p>These concretes can successfully replace thermal insulation bricks, and are used for thermal insulation of thermal plants. The hydraulic connection provides a permanent lining.<\/p>\t\t\t\t\t\t\t\t<\/div>\n\t\t\t\t<\/div>\n\t\t\t\t<\/div>\n\t\t\t\t\t<\/div>\n\t\t\t\t<\/div>\n\t\t<div class=\"elementor-element elementor-element-bf3ff94 e-flex e-con-boxed e-con e-parent\" data-id=\"bf3ff94\" data-element_type=\"container\" data-e-type=\"container\">\n\t\t\t\t\t<div class=\"e-con-inner\">\n\t\t<div class=\"elementor-element elementor-element-e053d7c e-con-full e-flex e-con e-child\" data-id=\"e053d7c\" data-element_type=\"container\" data-e-type=\"container\">\n\t\t\t\t<div class=\"elementor-element elementor-element-16a202b elementor-widget elementor-widget-heading\" data-id=\"16a202b\" data-element_type=\"widget\" data-e-type=\"widget\" data-widget_type=\"heading.default\">\n\t\t\t\t<div class=\"elementor-widget-container\">\n\t\t\t\t\t<h2 class=\"elementor-heading-title elementor-size-default\"><strong>SPECIAL COMPACTION MASSES \"PLASTIK\"\n<\/strong><\/h2>\t\t\t\t<\/div>\n\t\t\t\t<\/div>\n\t\t\t\t<div class=\"elementor-element elementor-element-80277c7 elementor-widget elementor-widget-text-editor\" data-id=\"80277c7\" data-element_type=\"widget\" data-e-type=\"widget\" data-widget_type=\"text-editor.default\">\n\t\t\t\t<div class=\"elementor-widget-container\">\n\t\t\t\t\t\t\t\t\t<p><strong>USE:<\/strong><\/p><ul><li>Plastic refractory masses marked \"PLASTIC\" are suitable for all types of masonry and repairs of heating plants, such as: fireboxes of steam boilers, depth, pressure and heating furnaces where the basic process is.<\/li><li>PLASTIK-EK and EKR, are used for coating induction furnaces for melting copper and its alloys, gray and temper cast.<\/li><li>PLASTIC-ECG is a graphitized mass.<\/li><li>PLASTIK-PDP is used for the construction of depth furnaces and covers of depth furnaces in ironworks.<\/li><li>PLASTIK-90 is used in all heat generators where the operating temperature is above 1600\u00baC.<\/li><li>PLASTIK-VA, high-aluminous mass for the wall of the boiler for steel castings.<\/li><li>PLASTIK-VA \/ G, graphitized boiler wall mass for steel castings.<\/li><li>PLASTIK-K, semi-gray acid mass for coating cauldrons for gray steel cast iron, dome furnaces as well as the wall of the furnace for obtaining frit.<\/li><li>PLASTIK-KP \/ G, plastic graphitized acid mass for wall of cauldrons for gray and steel cast iron.<\/li><\/ul><p>\u00a0<\/p><p><strong>Note:<\/strong> The storage time of PLASTIK mass is 3 months<\/p>\t\t\t\t\t\t\t\t<\/div>\n\t\t\t\t<\/div>\n\t\t\t\t<\/div>\n\t\t<div class=\"elementor-element elementor-element-bb8de25 e-con-full e-flex e-con e-child\" data-id=\"bb8de25\" data-element_type=\"container\" data-e-type=\"container\">\n\t\t\t\t<div class=\"elementor-element elementor-element-a616d53 elementor-widget elementor-widget-image\" data-id=\"a616d53\" data-element_type=\"widget\" data-e-type=\"widget\" data-widget_type=\"image.default\">\n\t\t\t\t<div class=\"elementor-widget-container\">\n\t\t\t\t\t\t\t\t\t\t\t\t\t\t\t<img decoding=\"async\" width=\"800\" height=\"608\" src=\"https:\/\/bdvrefractory.com\/wp-content\/uploads\/2024\/12\/TAB-45_plastik-1024x778.png\" class=\"attachment-large size-large wp-image-619\" alt=\"\" srcset=\"https:\/\/bdvrefractory.com\/wp-content\/uploads\/2024\/12\/TAB-45_plastik-1024x778.png 1024w, https:\/\/bdvrefractory.com\/wp-content\/uploads\/2024\/12\/TAB-45_plastik-300x228.png 300w, https:\/\/bdvrefractory.com\/wp-content\/uploads\/2024\/12\/TAB-45_plastik-768x583.png 768w, https:\/\/bdvrefractory.com\/wp-content\/uploads\/2024\/12\/TAB-45_plastik-1536x1167.png 1536w, https:\/\/bdvrefractory.com\/wp-content\/uploads\/2024\/12\/TAB-45_plastik-2048x1556.png 2048w\" sizes=\"(max-width: 800px) 100vw, 800px\" \/>\t\t\t\t\t\t\t\t\t\t\t\t\t\t\t<\/div>\n\t\t\t\t<\/div>\n\t\t\t\t<\/div>\n\t\t\t\t\t<\/div>\n\t\t\t\t<\/div>\n\t\t<div class=\"elementor-element elementor-element-3f584bb e-flex e-con-boxed e-con e-parent\" data-id=\"3f584bb\" data-element_type=\"container\" data-e-type=\"container\" data-settings=\"{&quot;background_background&quot;:&quot;classic&quot;}\">\n\t\t\t\t\t<div class=\"e-con-inner\">\n\t\t<div class=\"elementor-element elementor-element-0c88da5 e-con-full e-flex e-con e-child\" data-id=\"0c88da5\" data-element_type=\"container\" data-e-type=\"container\">\n\t\t\t\t<div class=\"elementor-element elementor-element-ffe9459 elementor-widget elementor-widget-image\" data-id=\"ffe9459\" data-element_type=\"widget\" data-e-type=\"widget\" data-widget_type=\"image.default\">\n\t\t\t\t<div class=\"elementor-widget-container\">\n\t\t\t\t\t\t\t\t\t\t\t\t\t\t\t<img loading=\"lazy\" decoding=\"async\" width=\"800\" height=\"441\" src=\"https:\/\/bdvrefractory.com\/wp-content\/uploads\/2024\/12\/TAB-46-_sopal-1024x565.png\" class=\"attachment-large size-large wp-image-624\" alt=\"\" srcset=\"https:\/\/bdvrefractory.com\/wp-content\/uploads\/2024\/12\/TAB-46-_sopal-1024x565.png 1024w, https:\/\/bdvrefractory.com\/wp-content\/uploads\/2024\/12\/TAB-46-_sopal-300x166.png 300w, https:\/\/bdvrefractory.com\/wp-content\/uploads\/2024\/12\/TAB-46-_sopal-768x424.png 768w, https:\/\/bdvrefractory.com\/wp-content\/uploads\/2024\/12\/TAB-46-_sopal-1536x847.png 1536w, https:\/\/bdvrefractory.com\/wp-content\/uploads\/2024\/12\/TAB-46-_sopal-2048x1130.png 2048w\" sizes=\"(max-width: 800px) 100vw, 800px\" \/>\t\t\t\t\t\t\t\t\t\t\t\t\t\t\t<\/div>\n\t\t\t\t<\/div>\n\t\t\t\t<\/div>\n\t\t<div class=\"elementor-element elementor-element-8ce704f e-con-full e-flex e-con e-child\" data-id=\"8ce704f\" data-element_type=\"container\" data-e-type=\"container\">\n\t\t\t\t<div class=\"elementor-element elementor-element-a61c07a elementor-widget elementor-widget-heading\" data-id=\"a61c07a\" data-element_type=\"widget\" data-e-type=\"widget\" data-widget_type=\"heading.default\">\n\t\t\t\t<div class=\"elementor-widget-container\">\n\t\t\t\t\t<h2 class=\"elementor-heading-title elementor-size-default\"><strong>CHARGED MASSES \"SOPAL\"<\/strong><\/h2>\t\t\t\t<\/div>\n\t\t\t\t<\/div>\n\t\t\t\t<div class=\"elementor-element elementor-element-98cfcb6 elementor-widget elementor-widget-text-editor\" data-id=\"98cfcb6\" data-element_type=\"widget\" data-e-type=\"widget\" data-widget_type=\"text-editor.default\">\n\t\t\t\t<div class=\"elementor-widget-container\">\n\t\t\t\t\t\t\t\t\t<p><strong>USE:<\/strong><\/p><ul><li>SOPAL-1 and SOPAL-2, for the furnace of steam boilers, forging furnaces with aggressive slag and other metallurgical furnaces.<\/li><li>SOPAL-3, is installed in units with an application temperature above 1600\u00baC.<\/li><li>SOPAL-4, for making foundry molds into which steel castings are cast.<\/li><li>SOPAL-5 and SOPAL-6 are used for lining dome furnaces - an acidic process for normal, high and maximum furnace load.<\/li><li>SOPAL-7 (Al) and SOPAL-8 (Al), for coating induction furnaces for melting aluminum and its alloys and induction furnaces up to 1 t.<\/li><li>SOPAL-9 (Zn), for coating induction furnaces for zinc.<\/li><li>SOPAL-10, for lining furnaces for melting glazes, frit, for lining boilers for steel casting.<\/li><li>SOPAL-11, is used as an insulating mass for pouring in pot display furnaces.<\/li><\/ul><p>\u00a0<\/p><p><strong>NOTE:<\/strong><\/p><ul><li>The storage time for semi-dry charge masses is three months, and for non-wet charge charges the shelf life is not limited.<\/li><li>Semi-dry charge masses are packed in plastic welded bags, and non-moistened charge masses are packed in paper bags.<\/li><\/ul>\t\t\t\t\t\t\t\t<\/div>\n\t\t\t\t<\/div>\n\t\t\t\t<\/div>\n\t\t\t\t\t<\/div>\n\t\t\t\t<\/div>\n\t\t<div class=\"elementor-element elementor-element-a172da7 e-flex e-con-boxed e-con e-parent\" data-id=\"a172da7\" data-element_type=\"container\" data-e-type=\"container\">\n\t\t\t\t\t<div class=\"e-con-inner\">\n\t\t<div class=\"elementor-element elementor-element-b00b6bc e-con-full e-flex e-con e-child\" data-id=\"b00b6bc\" data-element_type=\"container\" data-e-type=\"container\">\n\t\t\t\t<div class=\"elementor-element elementor-element-4e9092b elementor-widget elementor-widget-heading\" data-id=\"4e9092b\" data-element_type=\"widget\" data-e-type=\"widget\" data-widget_type=\"heading.default\">\n\t\t\t\t<div class=\"elementor-widget-container\">\n\t\t\t\t\t<h2 class=\"elementor-heading-title elementor-size-default\"><strong>REFRACTORY MASSES FOR PATCHES AND COATING \"C\"\n<\/strong><\/h2>\t\t\t\t<\/div>\n\t\t\t\t<\/div>\n\t\t\t\t<div class=\"elementor-element elementor-element-ca3e51e elementor-widget elementor-widget-image\" data-id=\"ca3e51e\" data-element_type=\"widget\" data-e-type=\"widget\" data-widget_type=\"image.default\">\n\t\t\t\t<div class=\"elementor-widget-container\">\n\t\t\t\t\t\t\t\t\t\t\t\t\t\t\t<img loading=\"lazy\" decoding=\"async\" width=\"800\" height=\"451\" src=\"https:\/\/bdvrefractory.com\/wp-content\/uploads\/2024\/12\/TAB-47_C-1024x577.png\" class=\"attachment-large size-large wp-image-628\" alt=\"\" srcset=\"https:\/\/bdvrefractory.com\/wp-content\/uploads\/2024\/12\/TAB-47_C-1024x577.png 1024w, https:\/\/bdvrefractory.com\/wp-content\/uploads\/2024\/12\/TAB-47_C-300x169.png 300w, https:\/\/bdvrefractory.com\/wp-content\/uploads\/2024\/12\/TAB-47_C-768x432.png 768w, https:\/\/bdvrefractory.com\/wp-content\/uploads\/2024\/12\/TAB-47_C-1536x865.png 1536w, https:\/\/bdvrefractory.com\/wp-content\/uploads\/2024\/12\/TAB-47_C-2048x1153.png 2048w\" sizes=\"(max-width: 800px) 100vw, 800px\" \/>\t\t\t\t\t\t\t\t\t\t\t\t\t\t\t<\/div>\n\t\t\t\t<\/div>\n\t\t\t\t<div class=\"elementor-element elementor-element-5a29a52 elementor-widget elementor-widget-heading\" data-id=\"5a29a52\" data-element_type=\"widget\" data-e-type=\"widget\" data-widget_type=\"heading.default\">\n\t\t\t\t<div class=\"elementor-widget-container\">\n\t\t\t\t\t<h2 class=\"elementor-heading-title elementor-size-default\"><strong>REFRACTORY PUTTY\n<\/strong><\/h2>\t\t\t\t<\/div>\n\t\t\t\t<\/div>\n\t\t\t\t<div class=\"elementor-element elementor-element-4dfbe3c elementor-widget elementor-widget-image\" data-id=\"4dfbe3c\" data-element_type=\"widget\" data-e-type=\"widget\" data-widget_type=\"image.default\">\n\t\t\t\t<div class=\"elementor-widget-container\">\n\t\t\t\t\t\t\t\t\t\t\t\t\t\t\t<img loading=\"lazy\" decoding=\"async\" width=\"800\" height=\"398\" src=\"https:\/\/bdvrefractory.com\/wp-content\/uploads\/2024\/12\/TAB-49-_kitovi-1024x509.png\" class=\"attachment-large size-large wp-image-637\" alt=\"\" srcset=\"https:\/\/bdvrefractory.com\/wp-content\/uploads\/2024\/12\/TAB-49-_kitovi-1024x509.png 1024w, https:\/\/bdvrefractory.com\/wp-content\/uploads\/2024\/12\/TAB-49-_kitovi-300x149.png 300w, https:\/\/bdvrefractory.com\/wp-content\/uploads\/2024\/12\/TAB-49-_kitovi-768x382.png 768w, https:\/\/bdvrefractory.com\/wp-content\/uploads\/2024\/12\/TAB-49-_kitovi-1536x764.png 1536w, https:\/\/bdvrefractory.com\/wp-content\/uploads\/2024\/12\/TAB-49-_kitovi-2048x1018.png 2048w\" sizes=\"(max-width: 800px) 100vw, 800px\" \/>\t\t\t\t\t\t\t\t\t\t\t\t\t\t\t<\/div>\n\t\t\t\t<\/div>\n\t\t\t\t<div class=\"elementor-element elementor-element-ebc8be5 elementor-widget elementor-widget-heading\" data-id=\"ebc8be5\" data-element_type=\"widget\" data-e-type=\"widget\" data-widget_type=\"heading.default\">\n\t\t\t\t<div class=\"elementor-widget-container\">\n\t\t\t\t\t<h2 class=\"elementor-heading-title elementor-size-default\"><strong>ACIDE RESISTANT CHAMOTTE FLUOR\n\n<\/strong><\/h2>\t\t\t\t<\/div>\n\t\t\t\t<\/div>\n\t\t\t\t<div class=\"elementor-element elementor-element-daec83c elementor-widget elementor-widget-image\" data-id=\"daec83c\" data-element_type=\"widget\" data-e-type=\"widget\" data-widget_type=\"image.default\">\n\t\t\t\t<div class=\"elementor-widget-container\">\n\t\t\t\t\t\t\t\t\t\t\t\t\t\t\t<img loading=\"lazy\" decoding=\"async\" width=\"800\" height=\"162\" src=\"https:\/\/bdvrefractory.com\/wp-content\/uploads\/2024\/12\/TAB-52_kiselootporno-brasno-1024x207.png\" class=\"attachment-large size-large wp-image-646\" alt=\"\" srcset=\"https:\/\/bdvrefractory.com\/wp-content\/uploads\/2024\/12\/TAB-52_kiselootporno-brasno-1024x207.png 1024w, https:\/\/bdvrefractory.com\/wp-content\/uploads\/2024\/12\/TAB-52_kiselootporno-brasno-300x61.png 300w, https:\/\/bdvrefractory.com\/wp-content\/uploads\/2024\/12\/TAB-52_kiselootporno-brasno-768x155.png 768w, https:\/\/bdvrefractory.com\/wp-content\/uploads\/2024\/12\/TAB-52_kiselootporno-brasno-1536x310.png 1536w, https:\/\/bdvrefractory.com\/wp-content\/uploads\/2024\/12\/TAB-52_kiselootporno-brasno-2048x414.png 2048w\" sizes=\"(max-width: 800px) 100vw, 800px\" \/>\t\t\t\t\t\t\t\t\t\t\t\t\t\t\t<\/div>\n\t\t\t\t<\/div>\n\t\t\t\t<\/div>\n\t\t<div class=\"elementor-element elementor-element-c79dcae e-con-full e-flex e-con e-child\" data-id=\"c79dcae\" data-element_type=\"container\" data-e-type=\"container\">\n\t\t\t\t<div class=\"elementor-element elementor-element-23ecc5e elementor-widget elementor-widget-heading\" data-id=\"23ecc5e\" data-element_type=\"widget\" data-e-type=\"widget\" data-widget_type=\"heading.default\">\n\t\t\t\t<div class=\"elementor-widget-container\">\n\t\t\t\t\t<h2 class=\"elementor-heading-title elementor-size-default\"><strong>ALUMOSILICATE REFRACTORY PLASTERS \"REFMAL\"<\/strong><\/h2>\t\t\t\t<\/div>\n\t\t\t\t<\/div>\n\t\t\t\t<div class=\"elementor-element elementor-element-e27e3e4 elementor-widget elementor-widget-image\" data-id=\"e27e3e4\" data-element_type=\"widget\" data-e-type=\"widget\" data-widget_type=\"image.default\">\n\t\t\t\t<div class=\"elementor-widget-container\">\n\t\t\t\t\t\t\t\t\t\t\t\t\t\t\t<img loading=\"lazy\" decoding=\"async\" width=\"800\" height=\"569\" src=\"https:\/\/bdvrefractory.com\/wp-content\/uploads\/2024\/12\/TAB-48_refmal-1024x728.png\" class=\"attachment-large size-large wp-image-633\" alt=\"\" srcset=\"https:\/\/bdvrefractory.com\/wp-content\/uploads\/2024\/12\/TAB-48_refmal-1024x728.png 1024w, https:\/\/bdvrefractory.com\/wp-content\/uploads\/2024\/12\/TAB-48_refmal-300x213.png 300w, https:\/\/bdvrefractory.com\/wp-content\/uploads\/2024\/12\/TAB-48_refmal-768x546.png 768w, https:\/\/bdvrefractory.com\/wp-content\/uploads\/2024\/12\/TAB-48_refmal-1536x1092.png 1536w, https:\/\/bdvrefractory.com\/wp-content\/uploads\/2024\/12\/TAB-48_refmal-2048x1456.png 2048w\" sizes=\"(max-width: 800px) 100vw, 800px\" \/>\t\t\t\t\t\t\t\t\t\t\t\t\t\t\t<\/div>\n\t\t\t\t<\/div>\n\t\t\t\t<div class=\"elementor-element elementor-element-78d2b70 elementor-widget elementor-widget-heading\" data-id=\"78d2b70\" data-element_type=\"widget\" data-e-type=\"widget\" data-widget_type=\"heading.default\">\n\t\t\t\t<div class=\"elementor-widget-container\">\n\t\t\t\t\t<h2 class=\"elementor-heading-title elementor-size-default\"><strong>ACID RESISTANT PUTTY\n<\/strong><\/h2>\t\t\t\t<\/div>\n\t\t\t\t<\/div>\n\t\t\t\t<div class=\"elementor-element elementor-element-afb6b4e elementor-widget elementor-widget-image\" data-id=\"afb6b4e\" data-element_type=\"widget\" data-e-type=\"widget\" data-widget_type=\"image.default\">\n\t\t\t\t<div class=\"elementor-widget-container\">\n\t\t\t\t\t\t\t\t\t\t\t\t\t\t\t<img loading=\"lazy\" decoding=\"async\" width=\"800\" height=\"160\" src=\"https:\/\/bdvrefractory.com\/wp-content\/uploads\/2024\/12\/TAB-50-1024x205.png\" class=\"attachment-large size-large wp-image-641\" alt=\"\" srcset=\"https:\/\/bdvrefractory.com\/wp-content\/uploads\/2024\/12\/TAB-50-1024x205.png 1024w, https:\/\/bdvrefractory.com\/wp-content\/uploads\/2024\/12\/TAB-50-300x60.png 300w, https:\/\/bdvrefractory.com\/wp-content\/uploads\/2024\/12\/TAB-50-768x154.png 768w, https:\/\/bdvrefractory.com\/wp-content\/uploads\/2024\/12\/TAB-50-1536x307.png 1536w, https:\/\/bdvrefractory.com\/wp-content\/uploads\/2024\/12\/TAB-50-2048x409.png 2048w\" sizes=\"(max-width: 800px) 100vw, 800px\" \/>\t\t\t\t\t\t\t\t\t\t\t\t\t\t\t<\/div>\n\t\t\t\t<\/div>\n\t\t\t\t<div class=\"elementor-element elementor-element-68bdc31 elementor-widget elementor-widget-heading\" data-id=\"68bdc31\" data-element_type=\"widget\" data-e-type=\"widget\" data-widget_type=\"heading.default\">\n\t\t\t\t<div class=\"elementor-widget-container\">\n\t\t\t\t\t<h2 class=\"elementor-heading-title elementor-size-default\"><strong>CHAMOTTE FLUOR\n\n<\/strong><\/h2>\t\t\t\t<\/div>\n\t\t\t\t<\/div>\n\t\t\t\t<div class=\"elementor-element elementor-element-737efca elementor-widget elementor-widget-image\" data-id=\"737efca\" data-element_type=\"widget\" data-e-type=\"widget\" data-widget_type=\"image.default\">\n\t\t\t\t<div class=\"elementor-widget-container\">\n\t\t\t\t\t\t\t\t\t\t\t\t\t\t\t<img loading=\"lazy\" decoding=\"async\" width=\"800\" height=\"186\" src=\"https:\/\/bdvrefractory.com\/wp-content\/uploads\/2024\/12\/TAB-51_samotno-brasno-1024x238.png\" class=\"attachment-large size-large wp-image-642\" alt=\"\" srcset=\"https:\/\/bdvrefractory.com\/wp-content\/uploads\/2024\/12\/TAB-51_samotno-brasno-1024x238.png 1024w, https:\/\/bdvrefractory.com\/wp-content\/uploads\/2024\/12\/TAB-51_samotno-brasno-300x70.png 300w, https:\/\/bdvrefractory.com\/wp-content\/uploads\/2024\/12\/TAB-51_samotno-brasno-768x179.png 768w, https:\/\/bdvrefractory.com\/wp-content\/uploads\/2024\/12\/TAB-51_samotno-brasno-1536x357.png 1536w, https:\/\/bdvrefractory.com\/wp-content\/uploads\/2024\/12\/TAB-51_samotno-brasno-2048x476.png 2048w\" sizes=\"(max-width: 800px) 100vw, 800px\" \/>\t\t\t\t\t\t\t\t\t\t\t\t\t\t\t<\/div>\n\t\t\t\t<\/div>\n\t\t\t\t<\/div>\n\t\t\t\t\t<\/div>\n\t\t\t\t<\/div>\n\t\t\t\t<\/div>","protected":false},"excerpt":{"rendered":"<p>ALUMOSILIKATNE VATROSTALNE MASE I BETONI\u00a0 VATROSTALNI BETON \u02ddREFCON\u02dd Primena: Vatrostalni betoni o\u010dvr\u0161\u0107uju ve\u0107 na obi\u010dnoj temperaturi pa su pogodni za brze popravke ozida. Koriste se za izradu obloga tunelskih vagoneta, za termi\u010dku izolaciju pe\u0107i, izradu dimnih kanala, za obloge koje su izlo\u017eene jakim potresima i udarima i sl. TERMOIZALACIONI VATROSTALNI BETONI \u02ddREFIZOL\u02dd PRIMENA: Ovi betoni [&hellip;]<\/p>","protected":false},"author":1,"featured_media":0,"parent":0,"menu_order":0,"comment_status":"closed","ping_status":"open","template":"","meta":{"footnotes":""},"class_list":["post-59","page","type-page","status-publish","hentry"],"_links":{"self":[{"href":"https:\/\/bdvrefractory.com\/eng\/wp-json\/wp\/v2\/pages\/59","targetHints":{"allow":["GET"]}}],"collection":[{"href":"https:\/\/bdvrefractory.com\/eng\/wp-json\/wp\/v2\/pages"}],"about":[{"href":"https:\/\/bdvrefractory.com\/eng\/wp-json\/wp\/v2\/types\/page"}],"author":[{"embeddable":true,"href":"https:\/\/bdvrefractory.com\/eng\/wp-json\/wp\/v2\/users\/1"}],"replies":[{"embeddable":true,"href":"https:\/\/bdvrefractory.com\/eng\/wp-json\/wp\/v2\/comments?post=59"}],"version-history":[{"count":58,"href":"https:\/\/bdvrefractory.com\/eng\/wp-json\/wp\/v2\/pages\/59\/revisions"}],"predecessor-version":[{"id":1115,"href":"https:\/\/bdvrefractory.com\/eng\/wp-json\/wp\/v2\/pages\/59\/revisions\/1115"}],"wp:attachment":[{"href":"https:\/\/bdvrefractory.com\/eng\/wp-json\/wp\/v2\/media?parent=59"}],"curies":[{"name":"wp","href":"https:\/\/api.w.org\/{rel}","templated":true}]}}